{"id":96,"date":"2026-03-05T09:02:52","date_gmt":"2026-03-05T09:02:52","guid":{"rendered":"https:\/\/xperience.hr\/?page_id=96"},"modified":"2026-03-19T10:27:44","modified_gmt":"2026-03-19T10:27:44","slug":"reviews","status":"publish","type":"page","link":"https:\/\/xperience.hr\/de\/reviews\/","title":{"rendered":"Bewertungen"},"content":{"rendered":"<div data-elementor-type=\"wp-page\" data-elementor-id=\"96\" class=\"elementor elementor-96\" data-elementor-post-type=\"page\">\n\t\t\t\t<div class=\"elementor-element elementor-element-d368e4c e-flex e-con-boxed e-con e-parent\" data-id=\"d368e4c\" data-element_type=\"container\" data-e-type=\"container\" data-settings=\"{&quot;background_background&quot;:&quot;classic&quot;}\">\n\t\t\t\t\t<div class=\"e-con-inner\">\n\t\t<div class=\"elementor-element elementor-element-12b602a e-con-full e-flex e-con e-child\" data-id=\"12b602a\" data-element_type=\"container\" data-e-type=\"container\">\n\t\t\t\t<div class=\"elementor-element elementor-element-156e3fc elementor-widget elementor-widget-heading\" data-id=\"156e3fc\" data-element_type=\"widget\" data-e-type=\"widget\" data-widget_type=\"heading.default\">\n\t\t\t\t\t<h1 class=\"elementor-heading-title elementor-size-default\">Bewertungen f\u00fcr Angelausfl\u00fcge und Bootstouren<\/h1>\t\t\t\t<\/div>\n\t\t\t\t<div class=\"elementor-element elementor-element-a8cadab elementor-widget__width-initial elementor-widget elementor-widget-text-editor\" data-id=\"a8cadab\" data-element_type=\"widget\" data-e-type=\"widget\" data-widget_type=\"text-editor.default\">\n\t\t\t\t\t\t\t\t\t<p>Entdecken Sie, was DreamCatcher Xperience zur Top-Wahl f\u00fcr Angelausfl\u00fcge und Bootstouren in Pore\u010d macht. Tauchen Sie ein in echte G\u00e4stebewertungen unserer Angeltouren und malerischen Bootsausfl\u00fcge in Pore\u010d und stechen Sie dann mit unseren erfahrenen lokalen Kapit\u00e4nen in See f\u00fcr spannende F\u00e4nge und atemberaubende K\u00fcstenblicke entlang der Sch\u00e4tze Istriens.<\/p>\t\t\t\t\t\t\t\t<\/div>\n\t\t\t\t<\/div>\n\t\t<div class=\"elementor-element elementor-element-9d6d5bc e-con-full e-flex e-con e-child\" data-id=\"9d6d5bc\" data-element_type=\"container\" data-e-type=\"container\">\n\t\t\t\t<div class=\"elementor-element elementor-element-8658542 elementor-widget__width-inherit elementor-widget elementor-widget-shortcode\" data-id=\"8658542\" data-element_type=\"widget\" data-e-type=\"widget\" data-widget_type=\"shortcode.default\">\n\t\t\t\t\t\t\t<div class=\"elementor-shortcode\"><div data-src=\"https:\/\/cdn.trustindex.io\/loader.js?fa902c1677742860d6862a90dac\"><\/div><\/div>\n\t\t\t\t\t\t<\/div>\n\t\t\t\t<\/div>\n\t\t\t\t\t<\/div>\n\t\t\t\t<\/div>\n\t\t\t\t<\/div>","protected":false},"excerpt":{"rendered":"<p>Fishing trips and boat tours reviews Uncover what makes DreamCatcher Xperience the top pick for fishing trips and boat tours in Pore\u010d. Dive into real guest reviews for our Pore\u010d fishing adventures and scenic boat outings, then set sail with our seasoned local captains for thrilling catches and breathtaking coastal views along Istria&#8217;s gems.<\/p>","protected":false},"author":1,"featured_media":0,"parent":0,"menu_order":0,"comment_status":"closed","ping_status":"closed","template":"","meta":{"_acf_changed":false,"pgc_sgb_lightbox_settings":"","footnotes":""},"class_list":["post-96","page","type-page","status-publish","hentry"],"acf":[],"yoast_head":"<!-- This site is optimized with the Yoast SEO plugin v27.3 - https:\/\/yoast.com\/product\/yoast-seo-wordpress\/ -->\n<title>Reviews - DreamCatcher Xperience<\/title>\n<meta name=\"robots\" content=\"index, follow, max-snippet:-1, max-image-preview:large, max-video-preview:-1\" \/>\n<link rel=\"canonical\" href=\"https:\/\/xperience.hr\/de\/reviews\/\" \/>\n<meta property=\"og:locale\" content=\"de_DE\" \/>\n<meta property=\"og:type\" content=\"article\" \/>\n<meta property=\"og:title\" content=\"Reviews - DreamCatcher Xperience\" \/>\n<meta property=\"og:description\" content=\"Fishing trips and boat tours reviews Uncover what makes DreamCatcher Xperience the top pick for fishing trips and boat tours in Pore\u010d. Dive into real guest reviews for our Pore\u010d fishing adventures and scenic boat outings, then set sail with our seasoned local captains for thrilling catches and breathtaking coastal views along Istria&#8217;s gems.\" \/>\n<meta property=\"og:url\" content=\"https:\/\/xperience.hr\/de\/reviews\/\" \/>\n<meta property=\"og:site_name\" content=\"DreamCatcher Xperience\" \/>\n<meta property=\"article:publisher\" content=\"https:\/\/www.facebook.com\/people\/DreamCatcher-Xperience\/61557652954476\/\" \/>\n<meta property=\"article:modified_time\" content=\"2026-03-19T10:27:44+00:00\" \/>\n<meta name=\"twitter:card\" content=\"summary_large_image\" \/>\n<meta name=\"twitter:label1\" content=\"Gesch\u00e4tzte Lesezeit\" \/>\n\t<meta name=\"twitter:data1\" content=\"29\u00a0Minuten\" \/>\n<script type=\"application\/ld+json\" class=\"yoast-schema-graph\">{\"@context\":\"https:\\\/\\\/schema.org\",\"@graph\":[{\"@type\":\"WebPage\",\"@id\":\"https:\\\/\\\/xperience.hr\\\/reviews\\\/\",\"url\":\"https:\\\/\\\/xperience.hr\\\/reviews\\\/\",\"name\":\"Reviews - DreamCatcher Xperience\",\"isPartOf\":{\"@id\":\"https:\\\/\\\/xperience.hr\\\/#website\"},\"datePublished\":\"2026-03-05T09:02:52+00:00\",\"dateModified\":\"2026-03-19T10:27:44+00:00\",\"breadcrumb\":{\"@id\":\"https:\\\/\\\/xperience.hr\\\/reviews\\\/#breadcrumb\"},\"inLanguage\":\"de\",\"potentialAction\":[{\"@type\":\"ReadAction\",\"target\":[\"https:\\\/\\\/xperience.hr\\\/reviews\\\/\"]}]},{\"@type\":\"BreadcrumbList\",\"@id\":\"https:\\\/\\\/xperience.hr\\\/reviews\\\/#breadcrumb\",\"itemListElement\":[{\"@type\":\"ListItem\",\"position\":1,\"name\":\"Home\",\"item\":\"https:\\\/\\\/xperience.hr\\\/\"},{\"@type\":\"ListItem\",\"position\":2,\"name\":\"Reviews\"}]},{\"@type\":\"WebSite\",\"@id\":\"https:\\\/\\\/xperience.hr\\\/#website\",\"url\":\"https:\\\/\\\/xperience.hr\\\/\",\"name\":\"DreamCatcher Xperience\",\"description\":\"\",\"publisher\":{\"@id\":\"https:\\\/\\\/xperience.hr\\\/#organization\"},\"potentialAction\":[{\"@type\":\"SearchAction\",\"target\":{\"@type\":\"EntryPoint\",\"urlTemplate\":\"https:\\\/\\\/xperience.hr\\\/?s={search_term_string}\"},\"query-input\":{\"@type\":\"PropertyValueSpecification\",\"valueRequired\":true,\"valueName\":\"search_term_string\"}}],\"inLanguage\":\"de\"},{\"@type\":\"Organization\",\"@id\":\"https:\\\/\\\/xperience.hr\\\/#organization\",\"name\":\"DreamCatcher Xperience\",\"url\":\"https:\\\/\\\/xperience.hr\\\/\",\"logo\":{\"@type\":\"ImageObject\",\"inLanguage\":\"de\",\"@id\":\"https:\\\/\\\/xperience.hr\\\/#\\\/schema\\\/logo\\\/image\\\/\",\"url\":\"https:\\\/\\\/xperience.hr\\\/wp-content\\\/uploads\\\/2026\\\/03\\\/dcx_logo.svg\",\"contentUrl\":\"https:\\\/\\\/xperience.hr\\\/wp-content\\\/uploads\\\/2026\\\/03\\\/dcx_logo.svg\",\"width\":338,\"height\":90,\"caption\":\"DreamCatcher Xperience\"},\"image\":{\"@id\":\"https:\\\/\\\/xperience.hr\\\/#\\\/schema\\\/logo\\\/image\\\/\"},\"sameAs\":[\"https:\\\/\\\/www.facebook.com\\\/people\\\/DreamCatcher-Xperience\\\/61557652954476\\\/\",\"https:\\\/\\\/www.instagram.com\\\/dreamcatcher.xperience\",\"https:\\\/\\\/www.youtube.com\\\/c\\\/PaoloStojni\",\"https:\\\/\\\/www.tiktok.com\\\/@dreamcatcher.xperience\"]}]}<\/script>\n<!-- \/ Yoast SEO plugin. -->","yoast_head_json":{"title":"Reviews - DreamCatcher Xperience","robots":{"index":"index","follow":"follow","max-snippet":"max-snippet:-1","max-image-preview":"max-image-preview:large","max-video-preview":"max-video-preview:-1"},"canonical":"https:\/\/xperience.hr\/de\/reviews\/","og_locale":"de_DE","og_type":"article","og_title":"Reviews - DreamCatcher Xperience","og_description":"Fishing trips and boat tours reviews Uncover what makes DreamCatcher Xperience the top pick for fishing trips and boat tours in Pore\u010d. Dive into real guest reviews for our Pore\u010d fishing adventures and scenic boat outings, then set sail with our seasoned local captains for thrilling catches and breathtaking coastal views along Istria&#8217;s gems.","og_url":"https:\/\/xperience.hr\/de\/reviews\/","og_site_name":"DreamCatcher Xperience","article_publisher":"https:\/\/www.facebook.com\/people\/DreamCatcher-Xperience\/61557652954476\/","article_modified_time":"2026-03-19T10:27:44+00:00","twitter_card":"summary_large_image","twitter_misc":{"Gesch\u00e4tzte Lesezeit":"29\u00a0Minuten"},"schema":{"@context":"https:\/\/schema.org","@graph":[{"@type":"WebPage","@id":"https:\/\/xperience.hr\/reviews\/","url":"https:\/\/xperience.hr\/reviews\/","name":"Reviews - DreamCatcher Xperience","isPartOf":{"@id":"https:\/\/xperience.hr\/#website"},"datePublished":"2026-03-05T09:02:52+00:00","dateModified":"2026-03-19T10:27:44+00:00","breadcrumb":{"@id":"https:\/\/xperience.hr\/reviews\/#breadcrumb"},"inLanguage":"de","potentialAction":[{"@type":"ReadAction","target":["https:\/\/xperience.hr\/reviews\/"]}]},{"@type":"BreadcrumbList","@id":"https:\/\/xperience.hr\/reviews\/#breadcrumb","itemListElement":[{"@type":"ListItem","position":1,"name":"Home","item":"https:\/\/xperience.hr\/"},{"@type":"ListItem","position":2,"name":"Reviews"}]},{"@type":"WebSite","@id":"https:\/\/xperience.hr\/#website","url":"https:\/\/xperience.hr\/","name":"DreamCatcher Erlebnis","description":"","publisher":{"@id":"https:\/\/xperience.hr\/#organization"},"potentialAction":[{"@type":"SearchAction","target":{"@type":"EntryPoint","urlTemplate":"https:\/\/xperience.hr\/?s={search_term_string}"},"query-input":{"@type":"PropertyValueSpecification","valueRequired":true,"valueName":"search_term_string"}}],"inLanguage":"de"},{"@type":"Organization","@id":"https:\/\/xperience.hr\/#organization","name":"DreamCatcher Erlebnis","url":"https:\/\/xperience.hr\/","logo":{"@type":"ImageObject","inLanguage":"de","@id":"https:\/\/xperience.hr\/#\/schema\/logo\/image\/","url":"https:\/\/xperience.hr\/wp-content\/uploads\/2026\/03\/dcx_logo.svg","contentUrl":"https:\/\/xperience.hr\/wp-content\/uploads\/2026\/03\/dcx_logo.svg","width":338,"height":90,"caption":"DreamCatcher Xperience"},"image":{"@id":"https:\/\/xperience.hr\/#\/schema\/logo\/image\/"},"sameAs":["https:\/\/www.facebook.com\/people\/DreamCatcher-Xperience\/61557652954476\/","https:\/\/www.instagram.com\/dreamcatcher.xperience","https:\/\/www.youtube.com\/c\/PaoloStojni","https:\/\/www.tiktok.com\/@dreamcatcher.xperience"]}]}},"_links":{"self":[{"href":"https:\/\/xperience.hr\/de\/wp-json\/wp\/v2\/pages\/96","targetHints":{"allow":["GET"]}}],"collection":[{"href":"https:\/\/xperience.hr\/de\/wp-json\/wp\/v2\/pages"}],"about":[{"href":"https:\/\/xperience.hr\/de\/wp-json\/wp\/v2\/types\/page"}],"author":[{"embeddable":true,"href":"https:\/\/xperience.hr\/de\/wp-json\/wp\/v2\/users\/1"}],"replies":[{"embeddable":true,"href":"https:\/\/xperience.hr\/de\/wp-json\/wp\/v2\/comments?post=96"}],"version-history":[{"count":40,"href":"https:\/\/xperience.hr\/de\/wp-json\/wp\/v2\/pages\/96\/revisions"}],"predecessor-version":[{"id":1705,"href":"https:\/\/xperience.hr\/de\/wp-json\/wp\/v2\/pages\/96\/revisions\/1705"}],"wp:attachment":[{"href":"https:\/\/xperience.hr\/de\/wp-json\/wp\/v2\/media?parent=96"}],"curies":[{"name":"wp","href":"https:\/\/api.w.org\/{rel}","templated":true}]}}